{"id":1679,"date":"2024-01-16T13:31:26","date_gmt":"2024-01-16T12:31:26","guid":{"rendered":"https:\/\/www.mymorgenrock.com\/contact-us\/"},"modified":"2024-10-11T13:39:37","modified_gmt":"2024-10-11T11:39:37","slug":"contact-us","status":"publish","type":"page","link":"https:\/\/www.mymorgenrock.com\/en\/contact-us\/","title":{"rendered":"Contact us"},"content":{"rendered":"\n<p><\/p>\n<div class=\"frm_forms  with_frm_style frm_style_formidable-style\" id=\"frm_form_1_container\" >\n<form enctype=\"multipart\/form-data\" method=\"post\" class=\"frm-show-form \" id=\"form_contact-form\" >\n<div class=\"frm_form_fields \">\n<fieldset>\n<legend class=\"frm_screen_reader\">Kontaktformular<\/legend>\r\n\r\n<div class=\"frm_fields_container\">\n<input type=\"hidden\" name=\"frm_action\" value=\"create\" \/>\n<input type=\"hidden\" name=\"form_id\" value=\"1\" \/>\n<input type=\"hidden\" name=\"frm_hide_fields_1\" id=\"frm_hide_fields_1\" value=\"\" \/>\n<input type=\"hidden\" name=\"form_key\" value=\"contact-form\" \/>\n<input type=\"hidden\" name=\"item_meta[0]\" value=\"\" \/>\n<input type=\"hidden\" id=\"frm_submit_entry_1\" name=\"frm_submit_entry_1\" value=\"e3da74b603\" \/><input type=\"hidden\" name=\"_wp_http_referer\" value=\"\/en\/wp-json\/wp\/v2\/pages\/1679\" \/><div id=\"frm_field_1_container\" class=\"frm_form_field form-field  frm_required_field frm_inside_container frm_first frm_half\">\r\n    <label for=\"field_qh4icy\" id=\"field_qh4icy_label\" class=\"frm_primary_label\">Vorname\r\n        <span class=\"frm_required\" aria-hidden=\"true\">*<\/span>\r\n    <\/label>\r\n    <input type=\"text\" id=\"field_qh4icy\" name=\"item_meta[1]\" value=\"\"  placeholder=\"Vorname\" data-reqmsg=\"Vorname darf nicht leer sein.\" aria-required=\"true\" data-invmsg=\"Vorname ist ung\u00fcltig\" aria-invalid=\"false\"  \/>\r\n    \r\n    \r\n<\/div>\n<div id=\"frm_field_2_container\" class=\"frm_form_field form-field  frm_required_field frm_inside_container frm_half\">\r\n    <label for=\"field_ocfup1\" id=\"field_ocfup1_label\" class=\"frm_primary_label\">Nachname\r\n        <span class=\"frm_required\" aria-hidden=\"true\">*<\/span>\r\n    <\/label>\r\n    <input type=\"text\" id=\"field_ocfup1\" name=\"item_meta[2]\" value=\"\"  placeholder=\"Nachname\" data-reqmsg=\"Nachname darf nicht leer sein.\" aria-required=\"true\" data-invmsg=\"Nachname ist ung\u00fcltig\" aria-invalid=\"false\"  \/>\r\n    \r\n    \r\n<\/div>\n<div id=\"frm_field_3_container\" class=\"frm_form_field form-field  frm_required_field frm_inside_container frm12 frm_first\">\r\n    <label for=\"field_29yf4d\" id=\"field_29yf4d_label\" class=\"frm_primary_label\">E-Mail-Adresse\r\n        <span class=\"frm_required\" aria-hidden=\"true\">*<\/span>\r\n    <\/label>\r\n    <input type=\"email\" id=\"field_29yf4d\" name=\"item_meta[3]\" value=\"\"  placeholder=\"E-Mail-Adresse\" data-reqmsg=\"E-Mail-Adresse darf nicht leer sein.\" aria-required=\"true\" data-invmsg=\"Please enter a valid email address\" aria-invalid=\"false\"  \/>\r\n    \r\n    \r\n<\/div>\n<div id=\"frm_field_6_container\" class=\"frm_form_field form-field  frm_inside_container frm6 frm_first\">\r\n    <label for=\"field_d4ysr\" id=\"field_d4ysr_label\" class=\"frm_primary_label\">Artikelnummer, Bestellnummer, gew\u00fcnschte Gr\u00f6\u00dfe\r\n        <span class=\"frm_required\" aria-hidden=\"true\"><\/span>\r\n    <\/label>\r\n    <input type=\"text\" id=\"field_d4ysr\" name=\"item_meta[6]\" value=\"\"  placeholder=\"Artikelnummer, Bestellnummer, gew\u00fcnschte Gr\u00f6\u00dfe\" data-invmsg=\"Artikelnummer, Bestellnummer, gew\u00fcnschte Gr\u00f6\u00dfe ist ung\u00fcltig\" aria-invalid=\"false\"  \/>\r\n    \r\n    \r\n<\/div>\n<div id=\"frm_field_4_container\" class=\"frm_form_field form-field  frm_required_field frm_inside_container frm6\">\r\n    <label for=\"field_e6lis6\" id=\"field_e6lis6_label\" class=\"frm_primary_label\">Betreff\r\n        <span class=\"frm_required\" aria-hidden=\"true\">*<\/span>\r\n    <\/label>\r\n    <input type=\"text\" id=\"field_e6lis6\" name=\"item_meta[4]\" value=\"\"  placeholder=\"Betreff\" data-reqmsg=\"Betreff darf nicht leer sein.\" aria-required=\"true\" data-invmsg=\"Betreff ist ung\u00fcltig\" aria-invalid=\"false\"  \/>\r\n    \r\n    \r\n<\/div>\n<div id=\"frm_field_5_container\" class=\"frm_form_field form-field  frm_required_field frm_inside_container frm_last frm12 frm_first\">\r\n    <label for=\"field_9jv0r1\" id=\"field_9jv0r1_label\" class=\"frm_primary_label\">Deine Nachricht\r\n        <span class=\"frm_required\" aria-hidden=\"true\">*<\/span>\r\n    <\/label>\r\n    <textarea name=\"item_meta[5]\" id=\"field_9jv0r1\" rows=\"5\"  placeholder=\"Deine Nachricht\" data-reqmsg=\"Deine Nachricht darf nicht leer sein.\" aria-required=\"true\" data-invmsg=\"Deine Nachricht is invalid\" aria-invalid=\"false\"  ><\/textarea>\r\n    \r\n    \r\n<\/div>\n<div id=\"frm_field_15_container\" class=\"frm_form_field form-field  frm_none_container\">\n\t<label for=\"h-captcha-response\" id=\"field_3wp61_label\" class=\"frm_primary_label\">Captcha\n\t\t<span class=\"frm_required\" aria-hidden=\"true\"><\/span>\n\t<\/label>\n\t<div  id=\"field_3wp61\" class=\"h-captcha\" data-sitekey=\"4d51848f-73bc-4786-8519-bc059ee7958e\" data-size=\"normal\" data-theme=\"light\"><\/div>\n\t\n\t\n<\/div>\n<div id=\"frm_field_14_container\" class=\"frm_form_field form-field \">\n\t<div class=\"frm_submit frm_flex\">\r\n<button class=\"frm_button_submit\" type=\"submit\"  >Senden<\/button>\r\n\r\n\r\n\r\n<\/div>\n<\/div>\n\t<input type=\"hidden\" name=\"item_key\" value=\"\" \/>\n\t\t\t<div id=\"frm_field_16_container\">\n\t\t\t<label for=\"field_ssiw8\" >\n\t\t\t\tIf you are human, leave this field blank.\t\t\t<\/label>\n\t\t\t<input  id=\"field_ssiw8\" type=\"text\" class=\"frm_form_field form-field frm_verify\" name=\"item_meta[16]\" value=\"\"  \/>\n\t\t<\/div>\n\t\t<input name=\"frm_state\" type=\"hidden\" value=\"TOgyMFwnkPQlkH0\/jnsRJCowP+OxE86hGaPcZr++7eY=\" \/><\/div>\n<\/fieldset>\n<\/div>\n\n<\/form>\n<\/div>\n","protected":false},"excerpt":{"rendered":"","protected":false},"author":1,"featured_media":0,"parent":0,"menu_order":0,"comment_status":"closed","ping_status":"closed","template":"","meta":{"_acf_changed":false,"footnotes":""},"class_list":["post-1679","page","type-page","status-publish","hentry"],"acf":[],"yoast_head":"<!-- This site is optimized with the Yoast SEO Premium plugin v27.3 (Yoast SEO v27.4) - https:\/\/yoast.com\/product\/yoast-seo-premium-wordpress\/ -->\n<title>Contact us - MyMorgenrock<\/title>\n<meta name=\"robots\" content=\"index, follow, max-snippet:-1, max-image-preview:large, max-video-preview:-1\" \/>\n<link rel=\"canonical\" href=\"https:\/\/www.mymorgenrock.com\/en\/contact-us\/\" \/>\n<meta property=\"og:locale\" content=\"en_US\" \/>\n<meta property=\"og:type\" content=\"article\" \/>\n<meta property=\"og:title\" content=\"Contact us\" \/>\n<meta property=\"og:url\" content=\"https:\/\/www.mymorgenrock.com\/en\/contact-us\/\" \/>\n<meta property=\"og:site_name\" content=\"MyMorgenrock\" \/>\n<meta property=\"article:modified_time\" content=\"2024-10-11T11:39:37+00:00\" \/>\n<meta property=\"og:image\" content=\"https:\/\/www.mymorgenrock.com\/wp-content\/uploads\/2024\/02\/My-Morgenrock-Vav.jpg\" \/>\n\t<meta property=\"og:image:width\" content=\"49\" \/>\n\t<meta property=\"og:image:height\" content=\"49\" \/>\n\t<meta property=\"og:image:type\" content=\"image\/jpeg\" \/>\n<meta name=\"twitter:card\" content=\"summary_large_image\" \/>\n<script type=\"application\/ld+json\" class=\"yoast-schema-graph\">{\"@context\":\"https:\\\/\\\/schema.org\",\"@graph\":[{\"@type\":\"WebPage\",\"@id\":\"https:\\\/\\\/www.mymorgenrock.com\\\/en\\\/contact-us\\\/\",\"url\":\"https:\\\/\\\/www.mymorgenrock.com\\\/en\\\/contact-us\\\/\",\"name\":\"Contact us - MyMorgenrock\",\"isPartOf\":{\"@id\":\"https:\\\/\\\/www.mymorgenrock.com\\\/en\\\/#website\"},\"datePublished\":\"2024-01-16T12:31:26+00:00\",\"dateModified\":\"2024-10-11T11:39:37+00:00\",\"breadcrumb\":{\"@id\":\"https:\\\/\\\/www.mymorgenrock.com\\\/en\\\/contact-us\\\/#breadcrumb\"},\"inLanguage\":\"en-US\",\"potentialAction\":[{\"@type\":\"ReadAction\",\"target\":[\"https:\\\/\\\/www.mymorgenrock.com\\\/en\\\/contact-us\\\/\"]}]},{\"@type\":\"BreadcrumbList\",\"@id\":\"https:\\\/\\\/www.mymorgenrock.com\\\/en\\\/contact-us\\\/#breadcrumb\",\"itemListElement\":[{\"@type\":\"ListItem\",\"position\":1,\"name\":\"Home\",\"item\":\"https:\\\/\\\/www.mymorgenrock.com\\\/en\\\/home-page\\\/\"},{\"@type\":\"ListItem\",\"position\":2,\"name\":\"Contact us\"}]},{\"@type\":\"WebSite\",\"@id\":\"https:\\\/\\\/www.mymorgenrock.com\\\/en\\\/#website\",\"url\":\"https:\\\/\\\/www.mymorgenrock.com\\\/en\\\/\",\"name\":\"MyMorgenrock\",\"description\":\"\",\"potentialAction\":[{\"@type\":\"SearchAction\",\"target\":{\"@type\":\"EntryPoint\",\"urlTemplate\":\"https:\\\/\\\/www.mymorgenrock.com\\\/en\\\/?s={search_term_string}\"},\"query-input\":{\"@type\":\"PropertyValueSpecification\",\"valueRequired\":true,\"valueName\":\"search_term_string\"}}],\"inLanguage\":\"en-US\"}]}<\/script>\n<!-- \/ Yoast SEO Premium plugin. -->","yoast_head_json":{"title":"Contact us - MyMorgenrock","robots":{"index":"index","follow":"follow","max-snippet":"max-snippet:-1","max-image-preview":"max-image-preview:large","max-video-preview":"max-video-preview:-1"},"canonical":"https:\/\/www.mymorgenrock.com\/en\/contact-us\/","og_locale":"en_US","og_type":"article","og_title":"Contact us","og_url":"https:\/\/www.mymorgenrock.com\/en\/contact-us\/","og_site_name":"MyMorgenrock","article_modified_time":"2024-10-11T11:39:37+00:00","og_image":[{"width":49,"height":49,"url":"https:\/\/www.mymorgenrock.com\/wp-content\/uploads\/2024\/02\/My-Morgenrock-Vav.jpg","type":"image\/jpeg"}],"twitter_card":"summary_large_image","schema":{"@context":"https:\/\/schema.org","@graph":[{"@type":"WebPage","@id":"https:\/\/www.mymorgenrock.com\/en\/contact-us\/","url":"https:\/\/www.mymorgenrock.com\/en\/contact-us\/","name":"Contact us - MyMorgenrock","isPartOf":{"@id":"https:\/\/www.mymorgenrock.com\/en\/#website"},"datePublished":"2024-01-16T12:31:26+00:00","dateModified":"2024-10-11T11:39:37+00:00","breadcrumb":{"@id":"https:\/\/www.mymorgenrock.com\/en\/contact-us\/#breadcrumb"},"inLanguage":"en-US","potentialAction":[{"@type":"ReadAction","target":["https:\/\/www.mymorgenrock.com\/en\/contact-us\/"]}]},{"@type":"BreadcrumbList","@id":"https:\/\/www.mymorgenrock.com\/en\/contact-us\/#breadcrumb","itemListElement":[{"@type":"ListItem","position":1,"name":"Home","item":"https:\/\/www.mymorgenrock.com\/en\/home-page\/"},{"@type":"ListItem","position":2,"name":"Contact us"}]},{"@type":"WebSite","@id":"https:\/\/www.mymorgenrock.com\/en\/#website","url":"https:\/\/www.mymorgenrock.com\/en\/","name":"MyMorgenrock","description":"","potentialAction":[{"@type":"SearchAction","target":{"@type":"EntryPoint","urlTemplate":"https:\/\/www.mymorgenrock.com\/en\/?s={search_term_string}"},"query-input":{"@type":"PropertyValueSpecification","valueRequired":true,"valueName":"search_term_string"}}],"inLanguage":"en-US"}]}},"_links":{"self":[{"href":"https:\/\/www.mymorgenrock.com\/en\/wp-json\/wp\/v2\/pages\/1679","targetHints":{"allow":["GET"]}}],"collection":[{"href":"https:\/\/www.mymorgenrock.com\/en\/wp-json\/wp\/v2\/pages"}],"about":[{"href":"https:\/\/www.mymorgenrock.com\/en\/wp-json\/wp\/v2\/types\/page"}],"author":[{"embeddable":true,"href":"https:\/\/www.mymorgenrock.com\/en\/wp-json\/wp\/v2\/users\/1"}],"replies":[{"embeddable":true,"href":"https:\/\/www.mymorgenrock.com\/en\/wp-json\/wp\/v2\/comments?post=1679"}],"version-history":[{"count":1,"href":"https:\/\/www.mymorgenrock.com\/en\/wp-json\/wp\/v2\/pages\/1679\/revisions"}],"predecessor-version":[{"id":1680,"href":"https:\/\/www.mymorgenrock.com\/en\/wp-json\/wp\/v2\/pages\/1679\/revisions\/1680"}],"wp:attachment":[{"href":"https:\/\/www.mymorgenrock.com\/en\/wp-json\/wp\/v2\/media?parent=1679"}],"curies":[{"name":"wp","href":"https:\/\/api.w.org\/{rel}","templated":true}]}}